{"id":3115,"date":"2021-05-19T13:32:36","date_gmt":"2021-05-19T17:32:36","guid":{"rendered":"https:\/\/canadajkfwadokai.org\/canada-zenkuren-wado-karate-association\/"},"modified":"2024-11-21T15:28:54","modified_gmt":"2024-11-21T20:28:54","slug":"canada-zenkuren-wado-karate-association","status":"publish","type":"page","link":"https:\/\/canadajkfwadokai.org\/fr\/","title":{"rendered":"Canada ZenKuRen Wado Karate Association"},"content":{"rendered":"<div class=\"fusion-fullwidth fullwidth-box fusion-builder-row-1 fusion-flex-container fusion-parallax-fixed nonhundred-percent-fullwidth non-hundred-percent-height-scrolling lazyload\" style=\"--awb-background-blend-mode:luminosity;--awb-border-radius-top-left:0px;--awb-border-radius-top-right:0px;--awb-border-radius-bottom-right:0px;--awb-border-radius-bottom-left:0px;--awb-padding-top:10vw;--awb-padding-bottom:0px;--awb-padding-top-small:150px;--awb-padding-bottom-small:30px;--awb-min-height:100vh;--awb-background-color:var(--awb-color8);--awb-background-size:cover;--awb-flex-wrap:wrap;background-attachment:fixed;\" data-bg=\"http:\/\/canadajkfwadokai.org\/wp-content\/uploads\/2022\/08\/Home.jpg\" ><div class=\"fusion-builder-row fusion-row fusion-flex-align-items-center fusion-flex-justify-content-center fusion-flex-content-wrap\" style=\"max-width:1216.8px;margin-left: calc(-4% \/ 2 );margin-right: calc(-4% \/ 2 );\"><div class=\"fusion-layout-column fusion_builder_column fusion-builder-column-0 fusion_builder_column_1_1 1_1 fusion-flex-column fusion-animated\" style=\"--awb-bg-size:cover;--awb-width-large:100%;--awb-margin-top-large:0px;--awb-spacing-right-large:1.92%;--awb-margin-bottom-large:88px;--awb-spacing-left-large:1.92%;--awb-width-medium:100%;--awb-order-medium:0;--awb-spacing-right-medium:1.92%;--awb-spacing-left-medium:1.92%;--awb-width-small:100%;--awb-order-small:0;--awb-spacing-right-small:1.92%;--awb-spacing-left-small:1.92%;\" data-animationType=\"fadeInUp\" data-animationDuration=\"0.8\" data-animationOffset=\"top-into-view\"><div class=\"fusion-column-wrapper fusion-column-has-shadow fusion-flex-justify-content-flex-start fusion-content-layout-column\"><div class=\"fusion-image-element \" style=\"text-align:center;--awb-max-width:900px;--awb-caption-title-font-family:var(--h2_typography-font-family);--awb-caption-title-font-weight:var(--h2_typography-font-weight);--awb-caption-title-font-style:var(--h2_typography-font-style);--awb-caption-title-size:var(--h2_typography-font-size);--awb-caption-title-transform:var(--h2_typography-text-transform);--awb-caption-title-line-height:var(--h2_typography-line-height);--awb-caption-title-letter-spacing:var(--h2_typography-letter-spacing);\"><span class=\" fusion-imageframe imageframe-none imageframe-1 hover-type-none\"><img decoding=\"async\" width=\"2000\" height=\"1500\" title=\"CWZA-Homepage\" src=\"https:\/\/canadajkfwadokai.org\/wp-content\/uploads\/2023\/10\/CWZA-Homepage.png\" data-orig-src=\"https:\/\/canadajkfwadokai.org\/wp-content\/uploads\/2023\/10\/CWZA-Homepage.png\" alt class=\"lazyload img-responsive wp-image-2827\" srcset=\"data:image\/svg+xml,%3Csvg%20xmlns%3D%27http%3A%2F%2Fwww.w3.org%2F2000%2Fsvg%27%20width%3D%272000%27%20height%3D%271500%27%20viewBox%3D%270%200%202000%201500%27%3E%3Crect%20width%3D%272000%27%20height%3D%271500%27%20fill-opacity%3D%220%22%2F%3E%3C%2Fsvg%3E\" data-srcset=\"https:\/\/canadajkfwadokai.org\/wp-content\/uploads\/2023\/10\/CWZA-Homepage-200x150.png 200w, https:\/\/canadajkfwadokai.org\/wp-content\/uploads\/2023\/10\/CWZA-Homepage-400x300.png 400w, https:\/\/canadajkfwadokai.org\/wp-content\/uploads\/2023\/10\/CWZA-Homepage-600x450.png 600w, https:\/\/canadajkfwadokai.org\/wp-content\/uploads\/2023\/10\/CWZA-Homepage-800x600.png 800w, https:\/\/canadajkfwadokai.org\/wp-content\/uploads\/2023\/10\/CWZA-Homepage-1200x900.png 1200w, https:\/\/canadajkfwadokai.org\/wp-content\/uploads\/2023\/10\/CWZA-Homepage.png 2000w\" data-sizes=\"auto\" data-orig-sizes=\"(max-width: 1024px) 100vw, (max-width: 640px) 100vw, 1200px\" \/><\/span><\/div><div class=\"fusion-title title fusion-title-1 fusion-no-small-visibility fusion-no-medium-visibility fusion-sep-none fusion-title-center fusion-title-text fusion-title-size-one\" style=\"--awb-text-color:var(--awb-color1);--awb-margin-bottom:20px;--awb-font-size:70px;\"><h1 class=\"fusion-title-heading title-heading-center\" style=\"margin:0;text-transform:uppercase;font-size:1em;line-height:1.1em;\">Bienvenue \u00e0 la CZWKA<\/h1><\/div><div class=\"fusion-title title fusion-title-2 fusion-no-large-visibility fusion-sep-none fusion-title-center fusion-title-text fusion-title-size-one\" style=\"--awb-text-color:var(--awb-color1);--awb-margin-bottom:20px;--awb-font-size:70px;\"><h1 class=\"fusion-title-heading title-heading-center\" style=\"margin:0;text-transform:uppercase;font-size:1em;line-height:1.1em;\">Bienvenue \u00e0 la CZWKA<\/h1><\/div><div class=\"fusion-text fusion-text-1 fusion-text-no-margin\" style=\"--awb-content-alignment:center;--awb-font-size:var(--awb-typography2-font-size);--awb-line-height:var(--awb-typography2-line-height);--awb-letter-spacing:var(--awb-typography2-letter-spacing);--awb-text-transform:var(--awb-typography2-text-transform);--awb-text-color:var(--awb-color1);--awb-margin-bottom:40px;--awb-text-font-family:var(--awb-typography2-font-family);--awb-text-font-weight:var(--awb-typography2-font-weight);--awb-text-font-style:var(--awb-typography2-font-style);\"><p>L&rsquo;Association canadienne Zenkuren Wadokai (CZWKA) est la principale organisation de JKF Wado Kai au Canada et elle est reconnue pour offrir \u00e0 tous ses membres une formation et un soutien techniques, des produits et des solutions de la plus haute qualit\u00e9.<\/p>\n<p>La CZWKA s&rsquo;engage \u00e0 augmenter le nombre de dojos\/clubs et de membres \u00e9tudiants en offrant le plus haut niveau de formation technique avanc\u00e9e, en faisant la promotion de ses clubs membres et en fournissant un soutien organisationnel et une communication sur les \u00e9v\u00e9nements provinciaux, nationaux et internationaux, les s\u00e9minaires techniques et les comp\u00e9titions.<\/p>\n<\/div><div class=\"fusion-builder-row fusion-builder-row-inner fusion-row fusion-flex-align-items-center fusion-flex-justify-content-center fusion-flex-content-wrap\" style=\"width:104% !important;max-width:104% !important;margin-left: calc(-4% \/ 2 );margin-right: calc(-4% \/ 2 );\"><div class=\"fusion-layout-column fusion_builder_column_inner fusion-builder-nested-column-0 fusion_builder_column_inner_1_1 1_1 fusion-flex-column\" style=\"--awb-bg-size:cover;--awb-width-large:100%;--awb-margin-top-large:0px;--awb-spacing-right-large:1.92%;--awb-margin-bottom-large:0px;--awb-spacing-left-large:1.92%;--awb-width-medium:100%;--awb-order-medium:0;--awb-spacing-right-medium:1.92%;--awb-spacing-left-medium:1.92%;--awb-width-small:100%;--awb-order-small:0;--awb-spacing-right-small:1.92%;--awb-spacing-left-small:1.92%;\"><div class=\"fusion-column-wrapper fusion-column-has-shadow fusion-flex-justify-content-center fusion-content-layout-row\"><div class=\"sm-text-align-center\"><a class=\"fusion-button button-flat button-large button-custom fusion-button-default button-1 fusion-button-span-yes fusion-button-default-type\" style=\"--button_accent_color:var(--awb-color1);--button_accent_hover_color:var(--awb-color4);--button_border_hover_color:var(--awb-color4);--button_border_width-top:2px;--button_border_width-right:2px;--button_border_width-bottom:2px;--button_border_width-left:2px;--button_gradient_top_color:rgba(254,201,107,0);--button_gradient_bottom_color:rgba(254,201,107,0);--button_gradient_top_color_hover:rgba(0,0,0,0);--button_gradient_bottom_color_hover:rgba(0,0,0,0);--button_margin-right:10px;--button_margin-bottom:20px;--button_margin-left:10px;width:calc(100% - 10px - 10px);\" target=\"_self\" href=\"http:\/\/canadajkfwadokai.org\/?page_id=140\"><span class=\"fusion-button-text awb-button__text awb-button__text--default\">En savoir plus sur nous<\/span><\/a><\/div><div class=\"sm-text-align-center\"><a class=\"fusion-button button-flat button-large button-custom fusion-button-default button-2 fusion-button-default-span fusion-button-default-type\" style=\"--button_accent_color:var(--awb-color4);--button_border_color:var(--awb-color4);--button_accent_hover_color:var(--awb-color1);--button_border_hover_color:var(--awb-color1);--button_border_width-top:2px;--button_border_width-right:2px;--button_border_width-bottom:2px;--button_border_width-left:2px;--button_gradient_top_color:rgba(236,72,88,0);--button_gradient_bottom_color:rgba(236,72,88,0);--button_gradient_top_color_hover:var(--awb-color8);--button_gradient_bottom_color_hover:var(--awb-color8);--button_margin-left:10px;\" target=\"_self\" href=\"http:\/\/canadajkfwadokai.org\/?page_id=142\"><span class=\"fusion-button-text awb-button__text awb-button__text--default\">D\u00e9couvrez notre style<\/span><\/a><\/div><\/div><\/div><\/div><\/div><\/div><\/div><\/div>\n","protected":false},"excerpt":{"rendered":"","protected":false},"author":8,"featured_media":3093,"parent":0,"menu_order":0,"comment_status":"closed","ping_status":"closed","template":"100-width.php","meta":{"footnotes":""},"class_list":["post-3115","page","type-page","status-publish","has-post-thumbnail","hentry"],"_links":{"self":[{"href":"https:\/\/canadajkfwadokai.org\/fr\/wp-json\/wp\/v2\/pages\/3115","targetHints":{"allow":["GET"]}}],"collection":[{"href":"https:\/\/canadajkfwadokai.org\/fr\/wp-json\/wp\/v2\/pages"}],"about":[{"href":"https:\/\/canadajkfwadokai.org\/fr\/wp-json\/wp\/v2\/types\/page"}],"author":[{"embeddable":true,"href":"https:\/\/canadajkfwadokai.org\/fr\/wp-json\/wp\/v2\/users\/8"}],"replies":[{"embeddable":true,"href":"https:\/\/canadajkfwadokai.org\/fr\/wp-json\/wp\/v2\/comments?post=3115"}],"version-history":[{"count":6,"href":"https:\/\/canadajkfwadokai.org\/fr\/wp-json\/wp\/v2\/pages\/3115\/revisions"}],"predecessor-version":[{"id":3214,"href":"https:\/\/canadajkfwadokai.org\/fr\/wp-json\/wp\/v2\/pages\/3115\/revisions\/3214"}],"wp:featuredmedia":[{"embeddable":true,"href":"https:\/\/canadajkfwadokai.org\/fr\/wp-json\/wp\/v2\/media\/3093"}],"wp:attachment":[{"href":"https:\/\/canadajkfwadokai.org\/fr\/wp-json\/wp\/v2\/media?parent=3115"}],"curies":[{"name":"wp","href":"https:\/\/api.w.org\/{rel}","templated":true}]}}