{"id":3122,"date":"2016-01-27T04:48:46","date_gmt":"2016-01-27T09:48:46","guid":{"rendered":"https:\/\/canadajkfwadokai.org\/notre-style\/"},"modified":"2025-11-27T08:14:34","modified_gmt":"2025-11-27T13:14:34","slug":"notre-style","status":"publish","type":"page","link":"https:\/\/canadajkfwadokai.org\/fr\/notre-style\/","title":{"rendered":"Notre style"},"content":{"rendered":"<p><div class=\"fusion-fullwidth fullwidth-box fusion-builder-row-1 fusion-flex-container fusion-parallax-none nonhundred-percent-fullwidth non-hundred-percent-height-scrolling lazyload\" style=\"--awb-border-radius-top-left:0px;--awb-border-radius-top-right:0px;--awb-border-radius-bottom-right:0px;--awb-border-radius-bottom-left:0px;--awb-padding-top:344px;--awb-padding-bottom:61px;--awb-margin-bottom:70px;--awb-background-image:linear-gradient(180deg, rgba(22,21,37,0.9) 0%,rgba(22,21,37,0.9) 100%);;--awb-background-size:cover;--awb-flex-wrap:wrap;\" data-bg=\"http:\/\/canadajkfwadokai.org\/wp-content\/uploads\/2023\/10\/IMG_9686.jpg\" data-bg-gradient=\"linear-gradient(180deg, rgba(22,21,37,0.9) 0%,rgba(22,21,37,0.9) 100%)\" ><div class=\"fusion-builder-row fusion-row fusion-flex-align-items-flex-start fusion-flex-content-wrap\" style=\"max-width:1216.8px;margin-left: calc(-4% \/ 2 );margin-right: calc(-4% \/ 2 );\"><div class=\"fusion-layout-column fusion_builder_column fusion-builder-column-0 fusion_builder_column_1_1 1_1 fusion-flex-column\" style=\"--awb-bg-size:cover;--awb-width-large:100%;--awb-margin-top-large:0px;--awb-spacing-right-large:1.92%;--awb-margin-bottom-large:20px;--awb-spacing-left-large:1.92%;--awb-width-medium:100%;--awb-order-medium:0;--awb-spacing-right-medium:1.92%;--awb-spacing-left-medium:1.92%;--awb-width-small:100%;--awb-order-small:0;--awb-spacing-right-small:1.92%;--awb-spacing-left-small:1.92%;\"><div class=\"fusion-column-wrapper fusion-column-has-shadow fusion-flex-justify-content-flex-start fusion-content-layout-column\"><div class=\"fusion-title title fusion-title-1 fusion-sep-none fusion-title-center fusion-title-text fusion-title-size-one\" style=\"--awb-text-color:var(--awb-color1);--awb-font-size:65px;\"><h1 class=\"fusion-title-heading title-heading-center\" style=\"margin:0;text-transform:uppercase;font-size:1em;\">Notre style<\/h1><\/div><\/div><\/div><\/div><\/div><div class=\"fusion-fullwidth fullwidth-box fusion-builder-row-2 fusion-flex-container nonhundred-percent-fullwidth non-hundred-percent-height-scrolling\" style=\"--awb-border-radius-top-left:0px;--awb-border-radius-top-right:0px;--awb-border-radius-bottom-right:0px;--awb-border-radius-bottom-left:0px;--awb-flex-wrap:wrap;\" ><div class=\"fusion-builder-row fusion-row fusion-flex-align-items-flex-start fusion-flex-content-wrap\" style=\"max-width:1216.8px;margin-left: calc(-4% \/ 2 );margin-right: calc(-4% \/ 2 );\"><div class=\"fusion-layout-column fusion_builder_column fusion-builder-column-1 fusion_builder_column_1_3 1_3 fusion-flex-column fusion-flex-align-self-stretch\" style=\"--awb-bg-size:cover;--awb-width-large:33.333333333333%;--awb-margin-top-large:0px;--awb-spacing-right-large:2.304%;--awb-margin-bottom-large:20px;--awb-spacing-left-large:5.76%;--awb-width-medium:100%;--awb-order-medium:0;--awb-spacing-right-medium:1.92%;--awb-spacing-left-medium:1.92%;--awb-width-small:100%;--awb-order-small:0;--awb-spacing-right-small:1.92%;--awb-spacing-left-small:1.92%;\"><div class=\"fusion-column-wrapper fusion-column-has-shadow fusion-flex-justify-content-center fusion-content-layout-column\"><div class=\"fusion-image-element \" style=\"--awb-aspect-ratio:3 \/ 2;--awb-margin-bottom:10px;--awb-caption-title-font-family:var(--h2_typography-font-family);--awb-caption-title-font-weight:var(--h2_typography-font-weight);--awb-caption-title-font-style:var(--h2_typography-font-style);--awb-caption-title-size:var(--h2_typography-font-size);--awb-caption-title-transform:var(--h2_typography-text-transform);--awb-caption-title-line-height:var(--h2_typography-line-height);--awb-caption-title-letter-spacing:var(--h2_typography-letter-spacing);\"><span class=\" fusion-imageframe imageframe-none imageframe-1 hover-type-none has-aspect-ratio\"><img decoding=\"async\" width=\"2048\" height=\"1365\" title=\"285469636_5291848360903359_3199181552818142964_n\" src=\"data:image\/svg+xml,%3Csvg%20xmlns%3D%27http%3A%2F%2Fwww.w3.org%2F2000%2Fsvg%27%20width%3D%272048%27%20height%3D%271365%27%20viewBox%3D%270%200%202048%201365%27%3E%3Crect%20width%3D%272048%27%20height%3D%271365%27%20fill-opacity%3D%220%22%2F%3E%3C%2Fsvg%3E\" data-orig-src=\"https:\/\/canadajkfwadokai.org\/wp-content\/uploads\/2022\/06\/285469636_5291848360903359_3199181552818142964_n.jpg\" class=\"lazyload img-responsive wp-image-3086 img-with-aspect-ratio\" data-parent-fit=\"cover\" data-parent-container=\".fusion-image-element\" alt \/><\/span><\/div><\/div><\/div><div class=\"fusion-layout-column fusion_builder_column fusion-builder-column-2 fusion_builder_column_1_3 1_3 fusion-flex-column\" style=\"--awb-bg-size:cover;--awb-width-large:33.333333333333%;--awb-margin-top-large:0px;--awb-spacing-right-large:5.76%;--awb-margin-bottom-large:20px;--awb-spacing-left-large:2.304%;--awb-width-medium:100%;--awb-order-medium:0;--awb-spacing-right-medium:1.92%;--awb-spacing-left-medium:1.92%;--awb-width-small:100%;--awb-order-small:0;--awb-spacing-right-small:1.92%;--awb-spacing-left-small:1.92%;\"><div class=\"fusion-column-wrapper fusion-column-has-shadow fusion-flex-justify-content-flex-start fusion-content-layout-column\"><div class=\"fusion-image-element \" style=\"--awb-aspect-ratio:1 \/ 1;--awb-object-position:35% 1%;--awb-caption-title-font-family:var(--h2_typography-font-family);--awb-caption-title-font-weight:var(--h2_typography-font-weight);--awb-caption-title-font-style:var(--h2_typography-font-style);--awb-caption-title-size:var(--h2_typography-font-size);--awb-caption-title-transform:var(--h2_typography-text-transform);--awb-caption-title-line-height:var(--h2_typography-line-height);--awb-caption-title-letter-spacing:var(--h2_typography-letter-spacing);\"><span class=\" fusion-imageframe imageframe-none imageframe-2 hover-type-none has-aspect-ratio\"><img decoding=\"async\" width=\"853\" height=\"1280\" title=\"IMG_9635\" src=\"https:\/\/canadajkfwadokai.org\/wp-content\/uploads\/2023\/11\/IMG_9635.jpeg\" data-orig-src=\"https:\/\/canadajkfwadokai.org\/wp-content\/uploads\/2023\/11\/IMG_9635.jpeg\" class=\"lazyload img-responsive wp-image-2872 img-with-aspect-ratio\" data-parent-fit=\"cover\" data-parent-container=\".fusion-image-element\" alt srcset=\"data:image\/svg+xml,%3Csvg%20xmlns%3D%27http%3A%2F%2Fwww.w3.org%2F2000%2Fsvg%27%20width%3D%27853%27%20height%3D%271280%27%20viewBox%3D%270%200%20853%201280%27%3E%3Crect%20width%3D%27853%27%20height%3D%271280%27%20fill-opacity%3D%220%22%2F%3E%3C%2Fsvg%3E\" data-srcset=\"https:\/\/canadajkfwadokai.org\/wp-content\/uploads\/2023\/11\/IMG_9635-200x300.jpeg 200w, https:\/\/canadajkfwadokai.org\/wp-content\/uploads\/2023\/11\/IMG_9635-400x600.jpeg 400w, https:\/\/canadajkfwadokai.org\/wp-content\/uploads\/2023\/11\/IMG_9635-600x900.jpeg 600w, https:\/\/canadajkfwadokai.org\/wp-content\/uploads\/2023\/11\/IMG_9635-800x1200.jpeg 800w, https:\/\/canadajkfwadokai.org\/wp-content\/uploads\/2023\/11\/IMG_9635.jpeg 853w\" data-sizes=\"auto\" data-orig-sizes=\"(max-width: 1024px) 100vw, (max-width: 640px) 100vw, 400px\" \/><\/span><\/div><\/div><\/div><div class=\"fusion-layout-column fusion_builder_column fusion-builder-column-3 fusion_builder_column_1_3 1_3 fusion-flex-column fusion-flex-align-self-stretch\" style=\"--awb-bg-size:cover;--awb-width-large:33.333333333333%;--awb-margin-top-large:0px;--awb-spacing-right-large:2.304%;--awb-margin-bottom-large:20px;--awb-spacing-left-large:2.304%;--awb-width-medium:100%;--awb-order-medium:0;--awb-spacing-right-medium:1.92%;--awb-spacing-left-medium:1.92%;--awb-width-small:100%;--awb-order-small:0;--awb-spacing-right-small:1.92%;--awb-spacing-left-small:1.92%;\"><div class=\"fusion-column-wrapper fusion-column-has-shadow fusion-flex-justify-content-center fusion-content-layout-column\"><div class=\"fusion-image-element \" style=\"--awb-aspect-ratio:3 \/ 2;--awb-caption-title-font-family:var(--h2_typography-font-family);--awb-caption-title-font-weight:var(--h2_typography-font-weight);--awb-caption-title-font-style:var(--h2_typography-font-style);--awb-caption-title-size:var(--h2_typography-font-size);--awb-caption-title-transform:var(--h2_typography-text-transform);--awb-caption-title-line-height:var(--h2_typography-line-height);--awb-caption-title-letter-spacing:var(--h2_typography-letter-spacing);\"><span class=\" fusion-imageframe imageframe-none imageframe-3 hover-type-none has-aspect-ratio\"><img decoding=\"async\" width=\"2048\" height=\"1365\" title=\"285182979_5291847724236756_4460902213470382695_n\" src=\"data:image\/svg+xml,%3Csvg%20xmlns%3D%27http%3A%2F%2Fwww.w3.org%2F2000%2Fsvg%27%20width%3D%272048%27%20height%3D%271365%27%20viewBox%3D%270%200%202048%201365%27%3E%3Crect%20width%3D%272048%27%20height%3D%271365%27%20fill-opacity%3D%220%22%2F%3E%3C%2Fsvg%3E\" data-orig-src=\"https:\/\/canadajkfwadokai.org\/wp-content\/uploads\/2022\/06\/285182979_5291847724236756_4460902213470382695_n.jpg\" class=\"lazyload img-responsive wp-image-3089 img-with-aspect-ratio\" data-parent-fit=\"cover\" data-parent-container=\".fusion-image-element\" alt \/><\/span><\/div><\/div><\/div><div class=\"fusion-layout-column fusion_builder_column fusion-builder-column-4 fusion_builder_column_1_1 1_1 fusion-flex-column fusion-flex-align-self-stretch\" style=\"--awb-padding-top:57px;--awb-bg-size:cover;--awb-width-large:100%;--awb-margin-top-large:0px;--awb-spacing-right-large:1.92%;--awb-margin-bottom-large:20px;--awb-spacing-left-large:1.92%;--awb-width-medium:100%;--awb-order-medium:0;--awb-spacing-right-medium:1.92%;--awb-spacing-left-medium:1.92%;--awb-width-small:100%;--awb-order-small:0;--awb-spacing-right-small:1.92%;--awb-spacing-left-small:1.92%;\"><div class=\"fusion-column-wrapper fusion-column-has-shadow fusion-flex-justify-content-center fusion-content-layout-column\"><div class=\"fusion-text fusion-text-1 fusion-text-no-margin\" style=\"--awb-margin-bottom:80px;\"><h1>Qu&rsquo;est-ce que le karat\u00e9 ?<\/h1>\n<p>Le karat\u00e9 (\u7a7a\u624b) est un art martial d\u00e9velopp\u00e9 dans les \u00eeles Ryukyu, dans ce qui est aujourd&rsquo;hui Okinawa, au Japon. Il a \u00e9t\u00e9 d\u00e9velopp\u00e9 \u00e0 partir de m\u00e9thodes de combat indig\u00e8nes appel\u00e9es te (\u624b, litt\u00e9ralement \u00ab\u00a0main\u00a0\u00bb ; Tii en Okinawa) et kenp\u014d chinois.<\/p>\n<p>Le karat\u00e9 est un art de frappe qui utilise les coups de poing, les coups de pied, les coups de genou et de coude, ainsi que des techniques \u00e0 mains ouvertes telles que les coups de couteau. Certains styles enseignent la lutte, les verrouillages, les immobilisations, les projections et les frappes aux points vitaux. Un pratiquant de karat\u00e9 est appel\u00e9 karateka (\u7a7a\u624b\u5bb6).<\/p>\n<\/div><div class=\"fusion-separator fusion-full-width-sep\" style=\"align-self: center;margin-left: auto;margin-right: auto;margin-top:20px;margin-bottom:20px;width:100%;\"><div class=\"fusion-separator-border sep-single sep-solid\" style=\"--awb-height:20px;--awb-amount:20px;border-color:hsla(var(--awb-color8-h),var(--awb-color8-s),var(--awb-color8-l),calc( var(--awb-color8-a) - 88% ));border-top-width:1px;\"><\/div><\/div><\/div><\/div><div class=\"fusion-layout-column fusion_builder_column fusion-builder-column-5 fusion_builder_column_1_1 1_1 fusion-flex-column\" style=\"--awb-padding-top:55px;--awb-bg-size:cover;--awb-width-large:100%;--awb-margin-top-large:0px;--awb-spacing-right-large:1.92%;--awb-margin-bottom-large:20px;--awb-spacing-left-large:1.92%;--awb-width-medium:100%;--awb-order-medium:0;--awb-spacing-right-medium:1.92%;--awb-spacing-left-medium:1.92%;--awb-width-small:100%;--awb-order-small:0;--awb-spacing-right-small:1.92%;--awb-spacing-left-small:1.92%;\"><div class=\"fusion-column-wrapper fusion-column-has-shadow fusion-flex-justify-content-flex-start fusion-content-layout-column\"><div class=\"fusion-text fusion-text-2\"><h1>Wado et Karat\u00e9<\/h1>\n<p>Wado kai (\u548c\u9053\u4f1a, Wad\u014d kai) est le nom de l&rsquo;organisation qui, au sein de la F\u00e9d\u00e9ration japonaise de karat\u00e9 (JKF), pratique le style de karat\u00e9 Wadoryu. Selon Ishizuka Akira, un v\u00e9t\u00e9ran du monde du karat\u00e9 japonais, le terme \u00ab\u00a0Wado Kai\u00a0\u00bb \u00e9tait d\u00e9j\u00e0 utilis\u00e9 dans les ann\u00e9es 1940, mais ce n&rsquo;est qu&rsquo;en 1967 qu&rsquo;il a \u00e9t\u00e9 adopt\u00e9 officiellement. Auparavant, le groupe \u00e9tait connu sous le nom de \u00ab\u00a0Zen Nihon Karate-do Renmei\u00a0\u00bb. Avec la formation de la Federation of All Japan Karatedo Organization (FAJKO, plus tard rebaptis\u00e9e JKF) au milieu des ann\u00e9es 60, il n&rsquo;\u00e9tait plus correct d&rsquo;utiliser ce nom et Wadokai est donc devenu un nom officiel.<\/p>\n<p>Le Wadokai compte de superbes techniciens. Au Japon, on peut citer Arakawa Toru (9\u00e8me Dan JKF), Hakoishi Katsumi, Takagi Hideho, Maeda Toshiaki, Murase Hisao et Nishimura Seiji pour n&rsquo;en citer que quelques-uns. L&rsquo;Europe et l&rsquo;Am\u00e9rique du Nord comptent plusieurs instructeurs japonais qui ont promu cette vision du karat\u00e9.<\/p>\n<p>Le terme Wadokai peut \u00eatre d\u00e9compos\u00e9 en trois parties : Wa, do et kai. Wa peut \u00eatre interpr\u00e9t\u00e9 comme signifiant \u00ab\u00a0harmonie\u00a0\u00bb. Il peut \u00e9galement signifier \u00ab\u00a0Japon originel\u00a0\u00bb, comme dans Wafu (style japonais), Washoku (nourriture japonaise). Il s&rsquo;agit donc \u00e9galement d&rsquo;un jeu de mots astucieux qui peut signifier \u00e0 la fois \u00ab\u00a0harmonie\u00a0\u00bb et \u00ab\u00a0intrins\u00e8quement japonais\u00a0\u00bb. Do est un terme japonais qui signifie \u00ab\u00a0voie\u00a0\u00bb (comme dans karat\u00e9-do). Wado signifie donc \u00ab\u00a0la voie de l&rsquo;harmonie (japonaise)\u00a0\u00bb. Kai signifie simplement \u00ab\u00a0association\u00a0\u00bb.<\/p>\n<\/div><\/div><\/div><div class=\"fusion-layout-column fusion_builder_column fusion-builder-column-6 fusion_builder_column_1_1 1_1 fusion-flex-column\" style=\"--awb-bg-size:cover;--awb-width-large:100%;--awb-margin-top-large:0px;--awb-spacing-right-large:1.92%;--awb-margin-bottom-large:20px;--awb-spacing-left-large:1.92%;--awb-width-medium:100%;--awb-order-medium:0;--awb-spacing-right-medium:1.92%;--awb-spacing-left-medium:1.92%;--awb-width-small:100%;--awb-order-small:0;--awb-spacing-right-small:1.92%;--awb-spacing-left-small:1.92%;\"><div class=\"fusion-column-wrapper fusion-column-has-shadow fusion-flex-justify-content-flex-start fusion-content-layout-column\"><div class=\"fusion-flip-boxes flip-boxes row fusion-columns-3 flip-effect-classic equal-heights\"><div class=\"fusion-flip-box-wrapper fusion-column col-lg-4 col-md-4 col-sm-4\"><div class=\"fusion-flip-box flip-right\" tabindex=\"0\"><div class=\"flip-box-inner-wrapper\"><div class=\"flip-box-front\" style=\"--awb-background-image-front:url(&#039;http:\/\/canadajkfwadokai.org\/wp-content\/uploads\/2023\/10\/1.jpg&#039;);\"><div class=\"flip-box-front-inner\"><h2 class=\"flip-box-heading without-text\">1938<\/h2><\/div><\/div><div class=\"flip-box-back\"><div class=\"flip-box-back-inner\"><h3 class=\"flip-box-heading-back\">En 1938...<\/h3>\n<p>En 1938, Hironori Ohtsuka a fait enregistrer son style mixte de karat\u00e9-jujutsu aupr\u00e8s de la Dai Nippon Butoku Kai, initialement sous le nom de \u00ab\u00a0Shinshu Wadoryu Karate-Jujutsu\u00a0\u00bb. Peu de temps apr\u00e8s, ce nom a \u00e9t\u00e9 abr\u00e9g\u00e9 en Wado-ryu (\u548c\u9053\u6d41).<\/p>\n<\/div><\/div><\/div><\/div><\/div><div class=\"fusion-flip-box-wrapper fusion-column col-lg-4 col-md-4 col-sm-4\"><div class=\"fusion-flip-box flip-right\" tabindex=\"0\"><div class=\"flip-box-inner-wrapper\"><div class=\"flip-box-front\" style=\"--awb-background-image-front:url(&#039;http:\/\/canadajkfwadokai.org\/wp-content\/uploads\/2023\/10\/2.jpg&#039;);\"><div class=\"flip-box-front-inner\"><h2 class=\"flip-box-heading without-text\">1952<\/h2><\/div><\/div><div class=\"flip-box-back\"><div class=\"flip-box-back-inner\"><h3 class=\"flip-box-heading-back\">En 1952...<\/h3>\n<p>En 1952, un Wadoryu Honbu (quartier g\u00e9n\u00e9ral) a \u00e9t\u00e9 \u00e9tabli dans le dojo de l&rsquo;Universit\u00e9 Meiji \u00e0 Tokyo, au Japon.<\/p>\n<\/div><\/div><\/div><\/div><\/div><div class=\"fusion-flip-box-wrapper fusion-column col-lg-4 col-md-4 col-sm-4\"><div class=\"fusion-flip-box flip-right\" tabindex=\"0\"><div class=\"flip-box-inner-wrapper\"><div class=\"flip-box-front\" style=\"--awb-background-image-front:url(&#039;http:\/\/canadajkfwadokai.org\/wp-content\/uploads\/2023\/10\/3.jpg&#039;);\"><div class=\"flip-box-front-inner\"><h2 class=\"flip-box-heading without-text\">1964<\/h2><\/div><\/div><div class=\"flip-box-back\"><div class=\"flip-box-back-inner\"><h3 class=\"flip-box-heading-back\">En 1964...<\/h3>\n<p>En 1964, la Japan Karatedo Federation (JKF) a \u00e9t\u00e9 cr\u00e9\u00e9e en tant qu&rsquo;organisation g\u00e9n\u00e9rale pour tous les styles de karat\u00e9. Le Wado Kai est l&rsquo;un des membres fondateurs de cette organisation.<\/p>\n<\/div><\/div><\/div><\/div><\/div><div class=\"fusion-flip-box-wrapper fusion-column col-lg-4 col-md-4 col-sm-4\"><div class=\"fusion-flip-box flip-right\" tabindex=\"0\"><div class=\"flip-box-inner-wrapper\"><div class=\"flip-box-front\" style=\"--awb-background-image-front:url(&#039;http:\/\/canadajkfwadokai.org\/wp-content\/uploads\/2023\/10\/4.jpg&#039;);\"><div class=\"flip-box-front-inner\"><h2 class=\"flip-box-heading without-text\">1967<\/h2><\/div><\/div><div class=\"flip-box-back\"><div class=\"flip-box-back-inner\"><h3 class=\"flip-box-heading-back\">En 1967...<\/h3>\n<p>Le 5 juin 1967, l&rsquo;organisation Wado a chang\u00e9 de nom pour devenir Wadokai.<\/p>\n<\/div><\/div><\/div><\/div><\/div><div class=\"fusion-flip-box-wrapper fusion-column col-lg-4 col-md-4 col-sm-4\"><div class=\"fusion-flip-box flip-right\" tabindex=\"0\"><div class=\"flip-box-inner-wrapper\"><div class=\"flip-box-front\" style=\"--awb-background-image-front:url(&#039;http:\/\/canadajkfwadokai.org\/wp-content\/uploads\/2023\/10\/5.jpg&#039;);\"><div class=\"flip-box-front-inner\"><h2 class=\"flip-box-heading without-text\">1980<\/h2><\/div><\/div><div class=\"flip-box-back\"><div class=\"flip-box-back-inner\"><h3 class=\"flip-box-heading-back\">En 1980...<\/h3>\n<p>En 1980, suite \u00e0 un conflit entre Hironori Ohtsuka et l&rsquo;organisation Wadokai, Ohtsuka se retire de la t\u00eate de Wadokai. Eiichi Eriguchi lui succ\u00e8de alors au sein de la Wadokai et en redevient le pr\u00e9sident dans les ann\u00e9es 1990&#8230;<\/p>\n<\/div><\/div><\/div><\/div><\/div><div class=\"fusion-flip-box-wrapper fusion-column col-lg-4 col-md-4 col-sm-4\"><div class=\"fusion-flip-box flip-right\" tabindex=\"0\"><div class=\"flip-box-inner-wrapper\"><div class=\"flip-box-front\" style=\"--awb-background-image-front:url(&#039;http:\/\/canadajkfwadokai.org\/wp-content\/uploads\/2023\/10\/6.jpg&#039;);\"><div class=\"flip-box-front-inner\"><h2 class=\"flip-box-heading without-text\">1981<\/h2><\/div><\/div><div class=\"flip-box-back\"><div class=\"flip-box-back-inner\"><h3 class=\"flip-box-heading-back\">En 1981...<\/h3>\n<p>Le 1er avril 1981, Hironori Ohtsuka a fond\u00e9 la Wadoryu Karatedo Renmei. Apr\u00e8s seulement quelques mois, Hironori Otsuka s&rsquo;est retir\u00e9 de la t\u00eate de cette organisation. Son fils Jiro Otsuka a pris sa place. Renmei signifie \u00ab\u00a0groupe\u00a0\u00bb ou \u00ab\u00a0f\u00e9d\u00e9ration\u00a0\u00bb.<\/p>\n<\/div><\/div><\/div><\/div><\/div><div class=\"fusion-flip-box-wrapper fusion-column col-lg-4 col-md-4 col-sm-4\"><div class=\"fusion-flip-box flip-right\" tabindex=\"0\"><div class=\"flip-box-inner-wrapper\"><div class=\"flip-box-front\" style=\"--awb-background-image-front:url(&#039;http:\/\/canadajkfwadokai.org\/wp-content\/uploads\/2023\/10\/7.jpg&#039;);\"><div class=\"flip-box-front-inner\"><h2 class=\"flip-box-heading without-text\">1982<\/h2><\/div><\/div><div class=\"flip-box-back\"><div class=\"flip-box-back-inner\"><h3 class=\"flip-box-heading-back\">En 1982...<\/h3>\n<p>Le 29 janvier 1982 Hironori Ohtsuka est d\u00e9c\u00e9d\u00e9 \u00e0 l&rsquo;\u00e2ge de 89 ans.<\/p>\n<\/div><\/div><\/div><\/div><\/div><div class=\"fusion-flip-box-wrapper fusion-column col-lg-4 col-md-4 col-sm-4\"><div class=\"fusion-flip-box flip-right\" tabindex=\"0\"><div class=\"flip-box-inner-wrapper\"><div class=\"flip-box-front\" style=\"--awb-background-image-front:url(&#039;http:\/\/canadajkfwadokai.org\/wp-content\/uploads\/2023\/10\/8.jpg&#039;);\"><div class=\"flip-box-front-inner\"><h2 class=\"flip-box-heading without-text\">1983<\/h2><\/div><\/div><div class=\"flip-box-back\"><div class=\"flip-box-back-inner\"><h3 class=\"flip-box-heading-back\">En 1983...<\/h3>\n<p>En 1983, Jiro Ohtsuka devient Grand Ma\u00eetre de Wado Ryu et change son nom en Hironori Ohtsuka, en l&rsquo;honneur de son p\u00e8re. Il est aujourd&rsquo;hui souvent appel\u00e9 Hironori Ohtsuka II.<\/p>\n<\/div><\/div><\/div><\/div><\/div><div class=\"fusion-flip-box-wrapper fusion-column col-lg-4 col-md-4 col-sm-4\"><div class=\"fusion-flip-box flip-right\" tabindex=\"0\"><div class=\"flip-box-inner-wrapper\"><div class=\"flip-box-front\" style=\"--awb-background-image-front:url(&#039;http:\/\/canadajkfwadokai.org\/wp-content\/uploads\/2023\/10\/9.jpg&#039;);\"><div class=\"flip-box-front-inner\"><h2 class=\"flip-box-heading without-text\">1989<\/h2><\/div><\/div><div class=\"flip-box-back\"><div class=\"flip-box-back-inner\"><h3 class=\"flip-box-heading-back\">En 1989...<\/h3>\n<p>En 1989, Tatsuo Suzuki a fond\u00e9 sa propre organisation, la troisi\u00e8me grande organisation de Wado : Wado Kokusai. Kokusai signifie \u00ab\u00a0international\u00a0\u00bb.<\/p>\n<\/div><\/div><\/div><\/div><\/div><\/div><div class=\"fusion-text fusion-text-3\"><p>Le nom complet de Wadokai en anglais est Japan Karatedo Federation Wadokai. En japonais, c&rsquo;est Zen Nihon Karatedo Renmei Wadokai. De nos jours, le nom complet de Wadoryu est Wadoryu Karatedo Renmei. Le nom complet de Wado Kokusai est Wado Kokusai Karatedo Renmei, aussi connu sous le nom de Wado International Karatedo Federation, abr\u00e9g\u00e9 en WIKF. \u00c0 proprement parler, Hironori Ohtsuka a fond\u00e9 et d\u00e9velopp\u00e9 le Wado Ryu. Les gens qui s&rsquo;entra\u00eenaient avec lui ont form\u00e9 le groupe Wado, ou Wadokai. Ainsi, aujourd&rsquo;hui, le style enseign\u00e9 au sein de Wadokai est le Wado Ryu, pratiqu\u00e9 par plus de 850 000 \u00e9l\u00e8ves dans 1 600<br \/>\ndojos \u00e0 travers le monde.<\/p>\n<\/div><\/div><\/div><\/div><\/div><\/p>\n","protected":false},"excerpt":{"rendered":"","protected":false},"author":8,"featured_media":0,"parent":0,"menu_order":0,"comment_status":"closed","ping_status":"closed","template":"100-width.php","meta":{"footnotes":""},"class_list":["post-3122","page","type-page","status-publish","hentry"],"_links":{"self":[{"href":"https:\/\/canadajkfwadokai.org\/fr\/wp-json\/wp\/v2\/pages\/3122","targetHints":{"allow":["GET"]}}],"collection":[{"href":"https:\/\/canadajkfwadokai.org\/fr\/wp-json\/wp\/v2\/pages"}],"about":[{"href":"https:\/\/canadajkfwadokai.org\/fr\/wp-json\/wp\/v2\/types\/page"}],"author":[{"embeddable":true,"href":"https:\/\/canadajkfwadokai.org\/fr\/wp-json\/wp\/v2\/users\/8"}],"replies":[{"embeddable":true,"href":"https:\/\/canadajkfwadokai.org\/fr\/wp-json\/wp\/v2\/comments?post=3122"}],"version-history":[{"count":6,"href":"https:\/\/canadajkfwadokai.org\/fr\/wp-json\/wp\/v2\/pages\/3122\/revisions"}],"predecessor-version":[{"id":3342,"href":"https:\/\/canadajkfwadokai.org\/fr\/wp-json\/wp\/v2\/pages\/3122\/revisions\/3342"}],"wp:attachment":[{"href":"https:\/\/canadajkfwadokai.org\/fr\/wp-json\/wp\/v2\/media?parent=3122"}],"curies":[{"name":"wp","href":"https:\/\/api.w.org\/{rel}","templated":true}]}}