{"id":3179,"date":"2019-07-23T23:50:22","date_gmt":"2019-07-24T03:50:22","guid":{"rendered":"https:\/\/canadajkfwadokai.org\/?page_id=3179"},"modified":"2024-11-21T13:47:09","modified_gmt":"2024-11-21T18:47:09","slug":"exigences-pour-les-grades-dan","status":"publish","type":"page","link":"https:\/\/canadajkfwadokai.org\/fr\/notre-style\/exigences-pour-les-grades-dan\/","title":{"rendered":"Exigences pour les grades Dan"},"content":{"rendered":"<p><div class=\"fusion-fullwidth fullwidth-box fusion-builder-row-1 fusion-flex-container fusion-parallax-none nonhundred-percent-fullwidth non-hundred-percent-height-scrolling lazyload\" style=\"--awb-border-radius-top-left:0px;--awb-border-radius-top-right:0px;--awb-border-radius-bottom-right:0px;--awb-border-radius-bottom-left:0px;--awb-padding-top:344px;--awb-padding-bottom:61px;--awb-margin-bottom:70px;--awb-background-size:cover;--awb-flex-wrap:wrap;\" data-bg=\"http:\/\/canadajkfwadokai.org\/wp-content\/uploads\/2022\/09\/dan.jpg\" ><div class=\"fusion-builder-row fusion-row fusion-flex-align-items-flex-start fusion-flex-content-wrap\" style=\"max-width:1216.8px;margin-left: calc(-4% \/ 2 );margin-right: calc(-4% \/ 2 );\"><div class=\"fusion-layout-column fusion_builder_column fusion-builder-column-0 fusion_builder_column_1_1 1_1 fusion-flex-column\" style=\"--awb-bg-size:cover;--awb-width-large:100%;--awb-margin-top-large:0px;--awb-spacing-right-large:1.92%;--awb-margin-bottom-large:20px;--awb-spacing-left-large:1.92%;--awb-width-medium:100%;--awb-order-medium:0;--awb-spacing-right-medium:1.92%;--awb-spacing-left-medium:1.92%;--awb-width-small:100%;--awb-order-small:0;--awb-spacing-right-small:1.92%;--awb-spacing-left-small:1.92%;\"><div class=\"fusion-column-wrapper fusion-column-has-shadow fusion-flex-justify-content-flex-start fusion-content-layout-column\"><div class=\"fusion-title title fusion-title-1 fusion-no-small-visibility fusion-sep-none fusion-title-center fusion-title-text fusion-title-size-one\" style=\"--awb-text-color:var(--awb-color1);--awb-font-size:55px;\"><h1 class=\"fusion-title-heading title-heading-center\" style=\"margin:0;text-transform:uppercase;font-size:1em;\">Exigences pour les grades Dan<\/h1><\/div><div class=\"fusion-title title fusion-title-2 fusion-no-medium-visibility fusion-no-large-visibility fusion-sep-none fusion-title-center fusion-title-text fusion-title-size-one\" style=\"--awb-text-color:var(--awb-color1);--awb-font-size:30px;\"><h1 class=\"fusion-title-heading title-heading-center\" style=\"margin:0;text-transform:uppercase;font-size:1em;\">Exigences pour les grades Dan<\/h1><\/div><\/div><\/div><\/div><\/div><div class=\"fusion-fullwidth fullwidth-box fusion-builder-row-2 fusion-flex-container nonhundred-percent-fullwidth non-hundred-percent-height-scrolling\" style=\"--awb-border-radius-top-left:0px;--awb-border-radius-top-right:0px;--awb-border-radius-bottom-right:0px;--awb-border-radius-bottom-left:0px;--awb-flex-wrap:wrap;\" ><div class=\"fusion-builder-row fusion-row fusion-flex-align-items-flex-start fusion-flex-content-wrap\" style=\"max-width:1216.8px;margin-left: calc(-4% \/ 2 );margin-right: calc(-4% \/ 2 );\"><div class=\"fusion-layout-column fusion_builder_column fusion-builder-column-1 fusion_builder_column_1_2 1_2 fusion-flex-column\" style=\"--awb-bg-size:cover;--awb-width-large:50%;--awb-margin-top-large:0px;--awb-spacing-right-large:3.84%;--awb-margin-bottom-large:20px;--awb-spacing-left-large:3.84%;--awb-width-medium:100%;--awb-order-medium:0;--awb-spacing-right-medium:1.92%;--awb-spacing-left-medium:1.92%;--awb-width-small:100%;--awb-order-small:0;--awb-spacing-right-small:1.92%;--awb-spacing-left-small:1.92%;\"><div class=\"fusion-column-wrapper fusion-column-has-shadow fusion-flex-justify-content-flex-start fusion-content-layout-column\"><div class=\"fusion-image-element \" style=\"--awb-max-width:500px;--awb-caption-title-font-family:var(--h2_typography-font-family);--awb-caption-title-font-weight:var(--h2_typography-font-weight);--awb-caption-title-font-style:var(--h2_typography-font-style);--awb-caption-title-size:var(--h2_typography-font-size);--awb-caption-title-transform:var(--h2_typography-text-transform);--awb-caption-title-line-height:var(--h2_typography-line-height);--awb-caption-title-letter-spacing:var(--h2_typography-letter-spacing);\"><span class=\" fusion-imageframe imageframe-none imageframe-1 hover-type-none\"><img decoding=\"async\" width=\"500\" height=\"688\" title=\"Full-Logo-White\" src=\"https:\/\/canadajkfwadokai.org\/wp-content\/uploads\/2022\/09\/Full-Logo-White.jpg\" data-orig-src=\"https:\/\/canadajkfwadokai.org\/wp-content\/uploads\/2022\/09\/Full-Logo-White.jpg\" alt class=\"lazyload img-responsive wp-image-2805\" srcset=\"data:image\/svg+xml,%3Csvg%20xmlns%3D%27http%3A%2F%2Fwww.w3.org%2F2000%2Fsvg%27%20width%3D%27500%27%20height%3D%27688%27%20viewBox%3D%270%200%20500%20688%27%3E%3Crect%20width%3D%27500%27%20height%3D%27688%27%20fill-opacity%3D%220%22%2F%3E%3C%2Fsvg%3E\" data-srcset=\"https:\/\/canadajkfwadokai.org\/wp-content\/uploads\/2022\/09\/Full-Logo-White-200x275.jpg 200w, https:\/\/canadajkfwadokai.org\/wp-content\/uploads\/2022\/09\/Full-Logo-White-400x550.jpg 400w, https:\/\/canadajkfwadokai.org\/wp-content\/uploads\/2022\/09\/Full-Logo-White.jpg 500w\" data-sizes=\"auto\" data-orig-sizes=\"(max-width: 1024px) 100vw, (max-width: 640px) 100vw, 500px\" \/><\/span><\/div><\/div><\/div><div class=\"fusion-layout-column fusion_builder_column fusion-builder-column-2 fusion_builder_column_1_2 1_2 fusion-flex-column fusion-flex-align-self-center\" style=\"--awb-bg-size:cover;--awb-width-large:50%;--awb-margin-top-large:0px;--awb-spacing-right-large:3.84%;--awb-margin-bottom-large:20px;--awb-spacing-left-large:3.84%;--awb-width-medium:100%;--awb-order-medium:0;--awb-spacing-right-medium:1.92%;--awb-spacing-left-medium:1.92%;--awb-width-small:100%;--awb-order-small:0;--awb-spacing-right-small:1.92%;--awb-spacing-left-small:1.92%;\"><div class=\"fusion-column-wrapper fusion-column-has-shadow fusion-flex-justify-content-flex-start fusion-content-layout-column\"><div class=\"fusion-title title fusion-title-3 fusion-title-text fusion-title-size-two\" style=\"--awb-margin-bottom:10px;\"><div class=\"title-sep-container title-sep-container-left fusion-no-large-visibility fusion-no-medium-visibility fusion-no-small-visibility\"><div class=\"title-sep sep-single sep-solid\" style=\"border-color:hsla(var(--awb-color8-h),var(--awb-color8-s),var(--awb-color8-l),calc( var(--awb-color8-a) - 88% ));\"><\/div><\/div><span class=\"awb-title-spacer fusion-no-large-visibility fusion-no-medium-visibility fusion-no-small-visibility\"><\/span><h2 class=\"fusion-title-heading title-heading-left\" style=\"margin:0;text-transform:uppercase;\"><strong>Examens Dan<\/strong><\/h2><span class=\"awb-title-spacer\"><\/span><div class=\"title-sep-container title-sep-container-right\"><div class=\"title-sep sep-single sep-solid\" style=\"border-color:hsla(var(--awb-color8-h),var(--awb-color8-s),var(--awb-color8-l),calc( var(--awb-color8-a) - 88% ));\"><\/div><\/div><\/div><div class=\"fusion-text fusion-text-1\"><p>Pr\u00e9requis<\/p>\n<ul>\n<li>Shodan : 1er Kyu<\/li>\n<li>Nidan : Shodan<\/li>\n<li>Sandan : Nidan<\/li>\n<li>Yondan : Sandan<\/li>\n<li>Godan : Yondan<\/li>\n<\/ul>\n<p><em>Grades juniors jusqu&rsquo;au 3e Dan inclus : \u00c2ge jusqu&rsquo;\u00e0 15 ans. Tous les grades adultes sont accessibles \u00e0 partir de 16 ans.<\/em> Lorsqu&rsquo;un d\u00e9tenteur d&rsquo;un Dan junior atteint l&rsquo;\u00e2ge de 16 ans, il peut demander au Wadokai Canada d&rsquo;envoyer un avis au bureau du Wadokai \u00e0 Tokyo pour mettre \u00e0 jour son \u00e2ge en tant qu&rsquo;adulte dans son dossier de membre Dan, afin qu&rsquo;il puisse se pr\u00e9senter au grade Dan adulte sup\u00e9rieur \u00e0 son grade Dan junior actuel. (frais : 3000 yens)<\/p>\n<\/div><\/div><\/div><div class=\"fusion-layout-column fusion_builder_column fusion-builder-column-3 fusion_builder_column_1_1 1_1 fusion-flex-column\" style=\"--awb-padding-top:55px;--awb-padding-bottom:62px;--awb-bg-size:cover;--awb-width-large:100%;--awb-margin-top-large:0px;--awb-spacing-right-large:1.92%;--awb-margin-bottom-large:20px;--awb-spacing-left-large:1.92%;--awb-width-medium:100%;--awb-order-medium:0;--awb-spacing-right-medium:1.92%;--awb-spacing-left-medium:1.92%;--awb-width-small:100%;--awb-order-small:0;--awb-spacing-right-small:1.92%;--awb-spacing-left-small:1.92%;\"><div class=\"fusion-column-wrapper fusion-column-has-shadow fusion-flex-justify-content-flex-start fusion-content-layout-column\"><div class=\"fusion-separator fusion-full-width-sep\" style=\"align-self: center;margin-left: auto;margin-right: auto;width:100%;\"><div class=\"fusion-separator-border sep-single\" style=\"--awb-height:20px;--awb-amount:20px;border-color:hsla(var(--awb-color8-h),var(--awb-color8-s),var(--awb-color8-l),calc( var(--awb-color8-a) - 88% ));border-top-width:1px;\"><\/div><\/div><\/div><\/div><div class=\"fusion-layout-column fusion_builder_column fusion-builder-column-4 fusion_builder_column_1_1 1_1 fusion-flex-column\" style=\"--awb-bg-size:cover;--awb-width-large:100%;--awb-margin-top-large:0px;--awb-spacing-right-large:1.92%;--awb-margin-bottom-large:20px;--awb-spacing-left-large:1.92%;--awb-width-medium:100%;--awb-order-medium:0;--awb-spacing-right-medium:1.92%;--awb-spacing-left-medium:1.92%;--awb-width-small:100%;--awb-order-small:0;--awb-spacing-right-small:1.92%;--awb-spacing-left-small:1.92%;\"><div class=\"fusion-column-wrapper fusion-column-has-shadow fusion-flex-justify-content-flex-start fusion-content-layout-column\"><div class=\"accordian fusion-accordian\" style=\"--awb-border-size:1px;--awb-icon-size:13px;--awb-content-font-size:var(--awb-typography4-font-size);--awb-icon-alignment:left;--awb-hover-color:var(--awb-color2);--awb-border-color:hsla(var(--awb-color3-h),var(--awb-color3-s),calc( var(--awb-color3-l) - 10% ),var(--awb-color3-a));--awb-background-color:var(--awb-color1);--awb-divider-color:hsla(var(--awb-color8-h),var(--awb-color8-s),var(--awb-color8-l),calc( var(--awb-color8-a) - 88% ));--awb-divider-hover-color:hsla(var(--awb-color8-h),var(--awb-color8-s),var(--awb-color8-l),calc( var(--awb-color8-a) - 88% ));--awb-icon-color:var(--awb-color1);--awb-title-color:var(--awb-color4);--awb-content-color:var(--awb-color7);--awb-icon-box-color:var(--awb-color8);--awb-toggle-hover-accent-color:var(--awb-color4);--awb-title-font-family:var(--awb-typography3-font-family);--awb-title-font-weight:var(--awb-typography3-font-weight);--awb-title-font-style:var(--awb-typography3-font-style);--awb-title-font-size:16px;--awb-content-font-family:var(--awb-typography4-font-family);--awb-content-font-weight:var(--awb-typography4-font-weight);--awb-content-font-style:var(--awb-typography4-font-style);\"><div class=\"panel-group fusion-toggle-icon-boxed\" id=\"accordion-3179-1\"><div class=\"fusion-panel panel-default panel-a290cefdcc31c5bb0 fusion-toggle-no-divider fusion-toggle-boxed-mode\" style=\"--awb-title-color:var(--awb-color6);--awb-content-color:var(--awb-color6);\"><div class=\"panel-heading\"><h4 class=\"panel-title toggle\" id=\"toggle_a290cefdcc31c5bb0\"><a class=\"active\" aria-expanded=\"true\" aria-controls=\"a290cefdcc31c5bb0\" role=\"button\" data-toggle=\"collapse\" data-parent=\"#accordion-3179-1\" data-target=\"#a290cefdcc31c5bb0\" href=\"#a290cefdcc31c5bb0\"><span class=\"fusion-toggle-icon-wrapper\" aria-hidden=\"true\"><i class=\"fa-fusion-box active-icon awb-icon-minus\" aria-hidden=\"true\"><\/i><i class=\"fa-fusion-box inactive-icon awb-icon-plus\" aria-hidden=\"true\"><\/i><\/span><span class=\"fusion-toggle-heading\">SHODAN<\/span><\/a><\/h4><\/div><div id=\"a290cefdcc31c5bb0\" class=\"panel-collapse collapse in\" aria-labelledby=\"toggle_a290cefdcc31c5bb0\"><div class=\"panel-body toggle-content fusion-clearfix\">\n<h2 class=\"title-heading-left\"><strong>SHODAN<\/strong><\/h2>\n<ul>\n<li>Kihon: Junzuki, Kette junzuki, Junzuki no tsukkomi, Kette junzuki no tsukkomi, Gyakuzuki, Kette Gyakuzuki, Gyakuzuki no tsukkomi, Kette gyakuzuki no tsukkomi, Tobikomizuki, Tobikomi Nagashizuki, Maegeri, Mawashigeri, Sokutogeri **<\/li>\n<li>Shitei (mandatory) Kata (two): Pinan, Yondan &amp; Kushanku<\/li>\n<li>Tokui (your choice) Kata (one): Seishan, Chinto, Naihanchi, Bassai, Wanshu<\/li>\n<li>Kihon Kumite: 1, 2<\/li>\n<li>Jissai Kumite<\/li>\n<\/ul>\n<p>**Sous r\u00e9serve des limites de temps.<br \/>Ces lignes directrices peuvent \u00eatre modifi\u00e9es.<\/p>\n<\/div><\/div><\/div><div class=\"fusion-panel panel-default panel-e31e884de734a0a1e fusion-toggle-no-divider fusion-toggle-boxed-mode\" style=\"--awb-title-color:var(--awb-color6);--awb-content-color:var(--awb-color6);\"><div class=\"panel-heading\"><h4 class=\"panel-title toggle\" id=\"toggle_e31e884de734a0a1e\"><a aria-expanded=\"false\" aria-controls=\"e31e884de734a0a1e\" role=\"button\" data-toggle=\"collapse\" data-parent=\"#accordion-3179-1\" data-target=\"#e31e884de734a0a1e\" href=\"#e31e884de734a0a1e\"><span class=\"fusion-toggle-icon-wrapper\" aria-hidden=\"true\"><i class=\"fa-fusion-box active-icon awb-icon-minus\" aria-hidden=\"true\"><\/i><i class=\"fa-fusion-box inactive-icon awb-icon-plus\" aria-hidden=\"true\"><\/i><\/span><span class=\"fusion-toggle-heading\">NIDAN<\/span><\/a><\/h4><\/div><div id=\"e31e884de734a0a1e\" class=\"panel-collapse collapse \" aria-labelledby=\"toggle_e31e884de734a0a1e\"><div class=\"panel-body toggle-content fusion-clearfix\">\n<h2 class=\"title-heading-left\"><strong>NIDAN<\/strong><\/h2>\n<p>Toutes les exigences du Shodan, mais remplacez les \u00e9l\u00e9ments suivants:<\/p>\n<ul>\n<li>Shitei Kata (two): Pinan Godan &amp; Naihanchi<\/li>\n<li>Tokui Kata (one): Seishan, Chinto, Kushanku, Bassai, Wanshu<\/li>\n<li>Kihon Kumite: 1, 2 and 3<\/li>\n<li>Jissai Kumite<\/li>\n<\/ul>\n<\/div><\/div><\/div><div class=\"fusion-panel panel-default panel-9941d47a058a7e102 fusion-toggle-no-divider fusion-toggle-boxed-mode\" style=\"--awb-title-color:var(--awb-color6);--awb-content-color:var(--awb-color6);\"><div class=\"panel-heading\"><h4 class=\"panel-title toggle\" id=\"toggle_9941d47a058a7e102\"><a aria-expanded=\"false\" aria-controls=\"9941d47a058a7e102\" role=\"button\" data-toggle=\"collapse\" data-parent=\"#accordion-3179-1\" data-target=\"#9941d47a058a7e102\" href=\"#9941d47a058a7e102\"><span class=\"fusion-toggle-icon-wrapper\" aria-hidden=\"true\"><i class=\"fa-fusion-box active-icon awb-icon-minus\" aria-hidden=\"true\"><\/i><i class=\"fa-fusion-box inactive-icon awb-icon-plus\" aria-hidden=\"true\"><\/i><\/span><span class=\"fusion-toggle-heading\">SANDAN<\/span><\/a><\/h4><\/div><div id=\"9941d47a058a7e102\" class=\"panel-collapse collapse \" aria-labelledby=\"toggle_9941d47a058a7e102\"><div class=\"panel-body toggle-content fusion-clearfix\">\n<h2 class=\"title-heading-left\"><strong>SANDAN<\/strong><\/h2>\n<p>Toutes les exigences du Shodan, mais remplacez par ce qui suit:<\/p>\n<ul>\n<li>Shitei Kata (two): Kushanku and Seishan or Chinto<\/li>\n<li>Tokui Kata (one): Seishan, Chinto, Naihanchi, Bassai, Wanshu, Niseishi<\/li>\n<li>Kihon Kumite: 1, 4, 5<\/li>\n<li>Jissai Kumite<\/li>\n<\/ul>\n<\/div><\/div><\/div><div class=\"fusion-panel panel-default panel-b9c5707b9bfe11dee fusion-toggle-no-divider fusion-toggle-boxed-mode\" style=\"--awb-title-color:var(--awb-color6);--awb-content-color:var(--awb-color6);\"><div class=\"panel-heading\"><h4 class=\"panel-title toggle\" id=\"toggle_b9c5707b9bfe11dee\"><a aria-expanded=\"false\" aria-controls=\"b9c5707b9bfe11dee\" role=\"button\" data-toggle=\"collapse\" data-parent=\"#accordion-3179-1\" data-target=\"#b9c5707b9bfe11dee\" href=\"#b9c5707b9bfe11dee\"><span class=\"fusion-toggle-icon-wrapper\" aria-hidden=\"true\"><i class=\"fa-fusion-box active-icon awb-icon-minus\" aria-hidden=\"true\"><\/i><i class=\"fa-fusion-box inactive-icon awb-icon-plus\" aria-hidden=\"true\"><\/i><\/span><span class=\"fusion-toggle-heading\">YONDAN<\/span><\/a><\/h4><\/div><div id=\"b9c5707b9bfe11dee\" class=\"panel-collapse collapse \" aria-labelledby=\"toggle_b9c5707b9bfe11dee\"><div class=\"panel-body toggle-content fusion-clearfix\">\n<h2 class=\"title-heading-left\"><strong>YONDAN<\/strong><\/h2>\n<p>Toutes les exigences du Shodan, mais remplacez par les \u00e9l\u00e9ments suivants :<\/p>\n<ul>\n<li>Shitei Kata (two): Seishan and Chinto<\/li>\n<li>Tokui Kata (one): Kushanku, Naihanchi, Bassai, Wanshu, Niseishi, Jitte, Jion, Rohai<\/li>\n<li>Kihon Kumite: 1, 5, 6, 7<\/li>\n<li>Jissai Kumite<\/li>\n<\/ul>\n<\/div><\/div><\/div><div class=\"fusion-panel panel-default panel-7c8632311b294ca48 fusion-toggle-no-divider fusion-toggle-boxed-mode\" style=\"--awb-title-color:var(--awb-color6);--awb-content-color:var(--awb-color6);\"><div class=\"panel-heading\"><h4 class=\"panel-title toggle\" id=\"toggle_7c8632311b294ca48\"><a aria-expanded=\"false\" aria-controls=\"7c8632311b294ca48\" role=\"button\" data-toggle=\"collapse\" data-parent=\"#accordion-3179-1\" data-target=\"#7c8632311b294ca48\" href=\"#7c8632311b294ca48\"><span class=\"fusion-toggle-icon-wrapper\" aria-hidden=\"true\"><i class=\"fa-fusion-box active-icon awb-icon-minus\" aria-hidden=\"true\"><\/i><i class=\"fa-fusion-box inactive-icon awb-icon-plus\" aria-hidden=\"true\"><\/i><\/span><span class=\"fusion-toggle-heading\">GODAN<\/span><\/a><\/h4><\/div><div id=\"7c8632311b294ca48\" class=\"panel-collapse collapse \" aria-labelledby=\"toggle_7c8632311b294ca48\"><div class=\"panel-body toggle-content fusion-clearfix\">\n<h2 class=\"title-heading-left\"><strong>GODAN<\/strong><\/h2>\n<p>Toutes les exigences du Shodan, mais remplacez par les \u00e9l\u00e9ments suivants :<\/p>\n<ul>\n<li>Shitei Kata (two): Chinto and Seishan<\/li>\n<li>Tokui Kata (one): Kushanku,<\/li>\n<li>Naihanchi, Bassai, Wanshu, Niseishi, Jitte, Jion, Rohai<\/li>\n<li>Kihon Kumite: 1, 3, 5, 7, 9&nbsp;&nbsp;<\/li>\n<\/ul>\n<\/div><\/div><\/div><div class=\"fusion-panel panel-default panel-9e62d093970c8049e fusion-toggle-no-divider fusion-toggle-boxed-mode\" style=\"--awb-title-color:var(--awb-color6);--awb-content-color:var(--awb-color6);\"><div class=\"panel-heading\"><h4 class=\"panel-title toggle\" id=\"toggle_9e62d093970c8049e\"><a aria-expanded=\"false\" aria-controls=\"9e62d093970c8049e\" role=\"button\" data-toggle=\"collapse\" data-parent=\"#accordion-3179-1\" data-target=\"#9e62d093970c8049e\" href=\"#9e62d093970c8049e\"><span class=\"fusion-toggle-icon-wrapper\" aria-hidden=\"true\"><i class=\"fa-fusion-box active-icon awb-icon-minus\" aria-hidden=\"true\"><\/i><i class=\"fa-fusion-box inactive-icon awb-icon-plus\" aria-hidden=\"true\"><\/i><\/span><span class=\"fusion-toggle-heading\">3rd Kyu<\/span><\/a><\/h4><\/div><div id=\"9e62d093970c8049e\" class=\"panel-collapse collapse \" aria-labelledby=\"toggle_9e62d093970c8049e\"><div class=\"panel-body toggle-content fusion-clearfix\">\n<h2 class=\"title-heading-left\"><strong>3rd Kyu<\/strong><\/h2>\n<p>Examen des instructeurs (les examens sup\u00e9rieurs de 2e et 1re sont organis\u00e9s au Japon)<\/p>\n<p>Pr\u00e9requis : Sandan ou sup\u00e9rieur<\/p>\n<ul>\n<li>Kihon: Tobikomizuki, Tobikomi Nagashizuki<\/li>\n<li>Shitei Kata (one): Seishan or Chinto<\/li>\n<li>Tokui Kata (one): Seishan, Chinto, Naihanchi, Kushanku, Bassai, Wanshu, Jitte, Jion, Rohai<\/li>\n<li>Kihon Kumite (five even or odd): 1, 3, 5, 7, 9 or 2, 4, 6, 8, 10<\/li>\n<li>Jissai Kumite<\/li>\n<\/ul>\n<\/div><\/div><\/div><div class=\"fusion-panel panel-default panel-670e4c8dcce264b27 fusion-toggle-no-divider fusion-toggle-boxed-mode\" style=\"--awb-title-color:var(--awb-color6);--awb-content-color:var(--awb-color6);\"><div class=\"panel-heading\"><h4 class=\"panel-title toggle\" id=\"toggle_670e4c8dcce264b27\"><a aria-expanded=\"false\" aria-controls=\"670e4c8dcce264b27\" role=\"button\" data-toggle=\"collapse\" data-parent=\"#accordion-3179-1\" data-target=\"#670e4c8dcce264b27\" href=\"#670e4c8dcce264b27\"><span class=\"fusion-toggle-icon-wrapper\" aria-hidden=\"true\"><i class=\"fa-fusion-box active-icon awb-icon-minus\" aria-hidden=\"true\"><\/i><i class=\"fa-fusion-box inactive-icon awb-icon-plus\" aria-hidden=\"true\"><\/i><\/span><span class=\"fusion-toggle-heading\">ROKUDAN, SHICHIDAN (NANADAN) &amp; HACHIDAN<\/span><\/a><\/h4><\/div><div id=\"670e4c8dcce264b27\" class=\"panel-collapse collapse \" aria-labelledby=\"toggle_670e4c8dcce264b27\"><div class=\"panel-body toggle-content fusion-clearfix\">\n<h2 class=\"title-heading-left\"><strong>ROKUDAN, SHICHIDAN (NANADAN) &amp; HACHIDAN<\/strong><\/h2>\n<p>Ces examens sont normalement propos\u00e9s par le Comit\u00e9 Technique Central du JKF Wadokai une ou deux fois par an au Japon. Exigences \u00e0 titre de r\u00e9f\u00e9rence uniquement.<\/p>\n<ul>\n<li>\n<p>Ido Kihon : Tobikomizuki, Tobikomi Nagashizuki<br \/>Kihon Kumite : 2 de la s\u00e9rie 1-10<br \/>\u00c0 ex\u00e9cuter avec un partenaire \u00e9galement en examen pour le m\u00eame niveau<br \/>Le comit\u00e9 technique ou les deux participants choisissent les 2 \u00e0 ex\u00e9cuter<\/p>\n<p><strong>Shitei Kata :<\/strong> Seishan ou Chinto<br \/>Ex\u00e9cuter 1 kata de la liste shitei avant d\u2019ex\u00e9cuter 1 kata Tokui<\/p>\n<p><strong>Tokui Kata :<\/strong> Seishan, Chinto, Kushanku, Naihanchi, Niseishi, Wanshu, Bassai, Jitte, Jion, Rohai<br \/>Ex\u00e9cuter 1 kata de la liste Tokui apr\u00e8s avoir ex\u00e9cut\u00e9 1 kata Shitei<\/p>\n<p><strong>Pr\u00e9requis :<\/strong><\/p>\n<ul>\n<li><strong>Rokudan :<\/strong> 35 ans ou plus et godan depuis plus de 3 ans<\/li>\n<li><strong>Shichidan :<\/strong> 40 ans ou plus et rokudan depuis plus de 5 ans<\/li>\n<li><strong>Hachidan :<\/strong> 50 ans ou plus et shichidan depuis plus de 7 ans<\/li>\n<\/ul>\n<\/li>\n<\/ul>\n<\/div><\/div><\/div><\/div><\/div><\/div><\/div><\/div><\/div><\/p>\n","protected":false},"excerpt":{"rendered":"","protected":false},"author":7,"featured_media":0,"parent":3122,"menu_order":0,"comment_status":"closed","ping_status":"closed","template":"100-width.php","meta":{"footnotes":""},"class_list":["post-3179","page","type-page","status-publish","hentry"],"_links":{"self":[{"href":"https:\/\/canadajkfwadokai.org\/fr\/wp-json\/wp\/v2\/pages\/3179","targetHints":{"allow":["GET"]}}],"collection":[{"href":"https:\/\/canadajkfwadokai.org\/fr\/wp-json\/wp\/v2\/pages"}],"about":[{"href":"https:\/\/canadajkfwadokai.org\/fr\/wp-json\/wp\/v2\/types\/page"}],"author":[{"embeddable":true,"href":"https:\/\/canadajkfwadokai.org\/fr\/wp-json\/wp\/v2\/users\/7"}],"replies":[{"embeddable":true,"href":"https:\/\/canadajkfwadokai.org\/fr\/wp-json\/wp\/v2\/comments?post=3179"}],"version-history":[{"count":4,"href":"https:\/\/canadajkfwadokai.org\/fr\/wp-json\/wp\/v2\/pages\/3179\/revisions"}],"predecessor-version":[{"id":3183,"href":"https:\/\/canadajkfwadokai.org\/fr\/wp-json\/wp\/v2\/pages\/3179\/revisions\/3183"}],"up":[{"embeddable":true,"href":"https:\/\/canadajkfwadokai.org\/fr\/wp-json\/wp\/v2\/pages\/3122"}],"wp:attachment":[{"href":"https:\/\/canadajkfwadokai.org\/fr\/wp-json\/wp\/v2\/media?parent=3179"}],"curies":[{"name":"wp","href":"https:\/\/api.w.org\/{rel}","templated":true}]}}